{"id":197,"date":"2022-11-08T13:16:09","date_gmt":"2022-11-08T12:16:09","guid":{"rendered":"https:\/\/windoor-shop.com\/?post_type=product&#038;p=197"},"modified":"2024-05-14T17:01:40","modified_gmt":"2024-05-14T15:01:40","slug":"kit-antivol-pour-renault-express-van-avec-telecommande","status":"publish","type":"product","link":"https:\/\/windoor-shop.com\/en\/produit\/kit-antivol-pour-renault-express-van-avec-telecommande\/","title":{"rendered":"Kit antivol pour Renault Express Van avec t\u00e9l\u00e9commande, certifi\u00e9 R10 (E-24)"},"content":{"rendered":"<p>[et_pb_section fb_built=&#8221;1&#8243; _builder_version=&#8221;4.16&#8243; custom_padding=&#8221;0px||||false|false&#8221; global_colors_info=&#8221;{}&#8221;][et_pb_row _builder_version=&#8221;4.16&#8243; background_size=&#8221;initial&#8221; background_position=&#8221;top_left&#8221; background_repeat=&#8221;repeat&#8221; width=&#8221;100%&#8221; custom_padding=&#8221;0px||0px||false|false&#8221; global_colors_info=&#8221;{}&#8221;][et_pb_column type=&#8221;4_4&#8243; _builder_version=&#8221;4.16&#8243; custom_padding=&#8221;|||&#8221; global_colors_info=&#8221;{}&#8221; custom_padding__hover=&#8221;|||&#8221;][et_pb_wc_breadcrumb _builder_version=&#8221;4.16&#8243; global_colors_info=&#8221;{}&#8221;][\/et_pb_wc_breadcrumb][et_pb_wc_cart_notice _builder_version=&#8221;4.18.0&#8243; text_orientation=&#8221;justified&#8221; global_colors_info=&#8221;{}&#8221;][\/et_pb_wc_cart_notice][\/et_pb_column][\/et_pb_row][et_pb_row column_structure=&#8221;1_2,1_2&#8243; _builder_version=&#8221;4.16&#8243; background_size=&#8221;initial&#8221; background_position=&#8221;top_left&#8221; background_repeat=&#8221;repeat&#8221; width=&#8221;100%&#8221; custom_padding=&#8221;0px||||false|false&#8221; global_colors_info=&#8221;{}&#8221;][et_pb_column type=&#8221;1_2&#8243; _builder_version=&#8221;4.16&#8243; custom_padding=&#8221;|||&#8221; global_colors_info=&#8221;{}&#8221; custom_padding__hover=&#8221;|||&#8221;][et_pb_wc_images _builder_version=&#8221;4.16&#8243; global_colors_info=&#8221;{}&#8221;][\/et_pb_wc_images][\/et_pb_column][et_pb_column type=&#8221;1_2&#8243; _builder_version=&#8221;4.16&#8243; custom_padding=&#8221;|||&#8221; global_colors_info=&#8221;{}&#8221; custom_padding__hover=&#8221;|||&#8221;][et_pb_wc_title _builder_version=&#8221;4.18.0&#8243; header_text_align=&#8221;justify&#8221; global_colors_info=&#8221;{}&#8221;][\/et_pb_wc_title][et_pb_wc_rating _builder_version=&#8221;4.16&#8243; global_colors_info=&#8221;{}&#8221;][\/et_pb_wc_rating][et_pb_wc_price _builder_version=&#8221;4.16&#8243; global_colors_info=&#8221;{}&#8221;][\/et_pb_wc_price][et_pb_wc_description _builder_version=&#8221;4.18.0&#8243; text_orientation=&#8221;justified&#8221; global_colors_info=&#8221;{}&#8221;][\/et_pb_wc_description][et_pb_wc_add_to_cart _builder_version=&#8221;4.16&#8243; global_colors_info=&#8221;{}&#8221;][\/et_pb_wc_add_to_cart][et_pb_wc_meta _builder_version=&#8221;4.16&#8243; global_colors_info=&#8221;{}&#8221;][\/et_pb_wc_meta][\/et_pb_column][\/et_pb_row][et_pb_row _builder_version=&#8221;4.16&#8243; background_size=&#8221;initial&#8221; background_position=&#8221;top_left&#8221; background_repeat=&#8221;repeat&#8221; width=&#8221;100%&#8221; global_colors_info=&#8221;{}&#8221;][et_pb_column type=&#8221;4_4&#8243; _builder_version=&#8221;4.16&#8243; custom_padding=&#8221;|||&#8221; global_colors_info=&#8221;{}&#8221; custom_padding__hover=&#8221;|||&#8221;][et_pb_wc_tabs _builder_version=&#8221;4.18.0&#8243; body_text_align=&#8221;justify&#8221; global_colors_info=&#8221;{}&#8221;]\t\t\t\t\t[\/et_pb_wc_tabs][et_pb_wc_upsells _builder_version=&#8221;4.16&#8243; global_colors_info=&#8221;{}&#8221;][\/et_pb_wc_upsells][et_pb_wc_related_products _builder_version=&#8221;4.16&#8243; global_colors_info=&#8221;{}&#8221;][\/et_pb_wc_related_products][\/et_pb_column][\/et_pb_row][\/et_pb_section]<\/p>\n","protected":false},"excerpt":{"rendered":"<p>Le syst\u00e8me antivol CARE-LOCK Light est une alternative \u00e9lectro-m\u00e9canique au traditionnel verrou m\u00e9canique de type Master Lock ou &#8220;Puck Lock&#8221;. L&#8217;invisibilit\u00e9 du syst\u00e8me le rend plus fiable face \u00e0 des tentatives d&#8217;effraction.<\/p>\n","protected":false},"featured_media":198,"template":"","meta":{"_et_pb_use_builder":"on","_et_pb_old_content":"Kit de verrouillage \u00e9lectro-m\u00e9canique certifi\u00e9 R10 (E-24) de la marque Care-LOCK \u00ab <em>Light<\/em> \u00bb sp\u00e9cialement con\u00e7u pour le v\u00e9hicule utilitaire <strong>Renault Express Van<\/strong>. Le kit se compose de ses trois verrous pour assurer 3 points de verrouillage, un syst\u00e8me de t\u00e9l\u00e9commande d\u00e9di\u00e9 ainsi que les pattes de fixation. Le kit est donc est donc fait pour un v\u00e9hicule qui <strong>ne<\/strong> poss\u00e8de <strong>pas <\/strong>de centralisation des portes par t\u00e9l\u00e9commande d\u2019origine.\r\nGr\u00e2ce aux pattes de fixation sp\u00e9cialement con\u00e7ues pour ces mod\u00e8les les verrous s\u2019installent facilement et rapidement.\r\n\r\nLe kit comprend les \u00e9l\u00e9ments suivants:\r\n&gt;\u00a01 Verrou (<em>Ref V-CL-L-B<\/em>) et sa patte de fixation arri\u00e8re haut (Ref V-CL-L-PAT-AH-EXPRESSVAN)\r\n&gt;\u00a01 Verrou (<em>Ref V-CL-L-B<\/em>) et sa patte de fixation arri\u00e8re bas (Ref V-CL-L-PAT-AB-EXPRESSVAN)\r\n&gt; 1 Verrou (<em>Ref V-CL-L-B<\/em>) et sa patte de fixation lat\u00e9rale (Ref L-PAT-LAD-EXPRESSVAN)\r\n&gt;1 plot \u00e0 contact\r\n&gt;1 kit t\u00e9l\u00e9commande\r\n\r\n<strong>Caract\u00e9ristiques techniques<\/strong>:\r\n\u2013 Course du p\u00eane: 18 mm\r\n\u2013 Diam\u00e8tre du p\u00eane: 8 mm\r\n\u2013 Verrou \u00e9lectrique \u00e0 fonctionnement par impulsion 12 V\/DC\r\n\u2013 Montage en parall\u00e8le et jusqu\u2019\u00e0 5 points de verrouillage\r\n\u2013 Bouton rouge de lib\u00e9ration en cas de verrouillage accidentel\r\n\u2013 Guidage du p\u00eane par vis flexible absorbant jusqu\u2019\u00e0 90\u00b0 d\u2019angle\r\n\u2013 G\u00e2ches \u00e0 encastrer + visserie fournies\r\n\u2013 Faisceau simple ou multipoint d\u00e9di\u00e9 avec fusible int\u00e9gr\u00e9\r\n\u2013 Contact \u00e0 plots 2 points v\u00e9hiculant le courant \u00e0 travers la porte lat\u00e9rale\r\n\u2013 Fournitures des kits de fixation des verrous selon le type de porte, le mod\u00e8le du v\u00e9hicule et sa marque\r\n\r\n<strong>Ses atouts:<\/strong>\r\n\u2013 Inusable et fiable.\r\n\u2013 Pas de per\u00e7age de carrosserie ext\u00e9rieure\r\n\u2013 Temps de pose r\u00e9duit\r\n\u2013 Invisible depuis l\u2019ext\u00e9rieur\r\n\u2013 Utilisable avec t\u00e9l\u00e9commande d\u2019origine\r\n\r\nEAN: 7109617847121","_et_gb_content_width":""},"product_brand":[],"product_cat":[29,21],"product_tag":[24,22,23,26,25],"class_list":{"0":"post-197","1":"product","2":"type-product","3":"status-publish","4":"has-post-thumbnail","6":"product_cat-renault","7":"product_cat-antivols","8":"product_tag-antivol-livraison","9":"product_tag-antivol-moteur-tournant","10":"product_tag-antivol-vehicule","11":"product_tag-antivol-vehicule-professionnel","12":"product_tag-protection-marchandise","14":"first","15":"instock","16":"taxable","17":"shipping-taxable","18":"purchasable","19":"product-type-simple"},"_links":{"self":[{"href":"https:\/\/windoor-shop.com\/en\/wp-json\/wp\/v2\/product\/197","targetHints":{"allow":["GET"]}}],"collection":[{"href":"https:\/\/windoor-shop.com\/en\/wp-json\/wp\/v2\/product"}],"about":[{"href":"https:\/\/windoor-shop.com\/en\/wp-json\/wp\/v2\/types\/product"}],"wp:featuredmedia":[{"embeddable":true,"href":"https:\/\/windoor-shop.com\/en\/wp-json\/wp\/v2\/media\/198"}],"wp:attachment":[{"href":"https:\/\/windoor-shop.com\/en\/wp-json\/wp\/v2\/media?parent=197"}],"wp:term":[{"taxonomy":"product_brand","embeddable":true,"href":"https:\/\/windoor-shop.com\/en\/wp-json\/wp\/v2\/product_brand?post=197"},{"taxonomy":"product_cat","embeddable":true,"href":"https:\/\/windoor-shop.com\/en\/wp-json\/wp\/v2\/product_cat?post=197"},{"taxonomy":"product_tag","embeddable":true,"href":"https:\/\/windoor-shop.com\/en\/wp-json\/wp\/v2\/product_tag?post=197"}],"curies":[{"name":"wp","href":"https:\/\/api.w.org\/{rel}","templated":true}]}}