{"id":199,"date":"2022-11-08T13:22:27","date_gmt":"2022-11-08T12:22:27","guid":{"rendered":"https:\/\/windoor-shop.com\/?post_type=product&#038;p=199"},"modified":"2024-05-14T17:02:18","modified_gmt":"2024-05-14T15:02:18","slug":"kit-antivol-renault-trafic-opel-vivaro-nissan-interstar-fiat-talento-sans-telecommande","status":"publish","type":"product","link":"https:\/\/windoor-shop.com\/en\/produit\/kit-antivol-renault-trafic-opel-vivaro-nissan-interstar-fiat-talento-sans-telecommande\/","title":{"rendered":"Kit verrous antivol pour Renault TRAFIC, Opel VIVARO, Nissan INTERSTAR, Fiat TALENTO, certifi\u00e9 R10 (E-24)"},"content":{"rendered":"<p>Ce syst\u00e8me de verrou antivol Care-LOCK \u00ab\u00a0<em>Light<\/em> \u00bb certifi\u00e9 R10 (E-24) \u00e0 3 points de verrouillage est sp\u00e9cialement con\u00e7u et adapt\u00e9 pour les vans \/ v\u00e9hicules utilitaires l\u00e9gers de marques et mod\u00e8les suivants qui poss\u00e8dent une centralisation des portes par t\u00e9l\u00e9commande d\u2019origine:<\/p>\n<p><strong>\u2022\u00a0Renault Trafic<br \/>\n<\/strong><strong>\u2022 Opel Vivaro<br \/>\n\u2022 Nissan Interstar<br \/>\n\u2022 Fiat Talento<\/strong><\/p>\n<p>Le kit comprend les \u00e9l\u00e9ments suivants:<br \/>\n<strong>&gt;\u00a0<\/strong>1 Verrou V-CL-L-B + 1 Patte V-CL-L-PAT-AH-TRAVIVINTERH1 (Disponible pour H2 : V-CL-L-PAT-AH-TRAVIVINTERH2)<br \/>\n&gt;\u00a01 Verrou V-CL-L-B + 1 Patte V-CL-L-PAT-AB-TRAVIVINTERH1 (Convient au H2 : V-CL-L-PAT-LAT-TRAVIVINTERH2)<br \/>\n&gt;\u00a01 Verrou V-CL-L-B + 1 Patte V-CL-L-PAT-LAT-TRAVIVINTERH1 (Convient au H2 : V-CL-L-PAT-LAT-TRAVIVINTERH2)<br \/>\nGr\u00e2ce aux pattes de fixation sp\u00e9cialement con\u00e7ues pour ces mod\u00e8les les verrous s\u2019installent facilement et rapidement.<\/p>\n<p><strong>Caract\u00e9ristiques techniques<\/strong>:<br \/>\n\u2013 Course du p\u00eane: 18 mm<br \/>\n\u2013 Diam\u00e8tre du p\u00eane: 8 mm<br \/>\n\u2013 Verrou \u00e9lectrique \u00e0 fonctionnement par impulsion 12 V\/DC<br \/>\n\u2013 Montage en parall\u00e8le et jusqu\u2019\u00e0 5 points de verrouillage<br \/>\n\u2013 Bouton rouge de lib\u00e9ration en cas de verrouillage accidentel<br \/>\n\u2013 Guidage du p\u00eane par vis flexible absorbant jusqu\u2019\u00e0 90\u00b0 d\u2019angle<br \/>\n\u2013 G\u00e2ches \u00e0 encastrer + visserie fournies<br \/>\n\u2013 Faisceau simple ou multipoint d\u00e9di\u00e9 avec fusible int\u00e9gr\u00e9<br \/>\n\u2013 Contact \u00e0 plots 2 points v\u00e9hiculant le courant \u00e0 travers la porte lat\u00e9rale<br \/>\n\u2013 Fournitures des kits de fixation des verrous selon le type de porte, le mod\u00e8le du v\u00e9hicule et sa marque<\/p>\n<p><strong>Ses atouts:<\/strong><br \/>\n\u2013 Inusable et fiable.<br \/>\n\u2013 Pas de per\u00e7age de carrosserie ext\u00e9rieure<br \/>\n\u2013 Temps de pose r\u00e9duit<br \/>\n\u2013 Invisible depuis l\u2019ext\u00e9rieur<br \/>\n\u2013 Utilisable avec t\u00e9l\u00e9commande d\u2019origine<\/p>\n<p>EAN: 7109611119545<\/p>\n","protected":false},"excerpt":{"rendered":"<p>Le syst\u00e8me antivol CARE-LOCK Light est une alternative \u00e9lectro-m\u00e9canique au traditionnel verrou m\u00e9canique de type Master Lock ou &#8220;Puck Lock&#8221;. L&#8217;invisibilit\u00e9 du syst\u00e8me le rend plus fiable face \u00e0 des tentatives d&#8217;effraction.<\/p>\n","protected":false},"featured_media":200,"template":"","meta":{"_et_pb_use_builder":"","_et_pb_old_content":"","_et_gb_content_width":""},"product_brand":[],"product_cat":[31,33,32,29,21],"product_tag":[24,22,23,26,25],"class_list":{"0":"post-199","1":"product","2":"type-product","3":"status-publish","4":"has-post-thumbnail","6":"product_cat-fiat","7":"product_cat-nissan","8":"product_cat-opel","9":"product_cat-renault","10":"product_cat-antivols","11":"product_tag-antivol-livraison","12":"product_tag-antivol-moteur-tournant","13":"product_tag-antivol-vehicule","14":"product_tag-antivol-vehicule-professionnel","15":"product_tag-protection-marchandise","17":"first","18":"instock","19":"taxable","20":"shipping-taxable","21":"purchasable","22":"product-type-simple"},"_links":{"self":[{"href":"https:\/\/windoor-shop.com\/en\/wp-json\/wp\/v2\/product\/199","targetHints":{"allow":["GET"]}}],"collection":[{"href":"https:\/\/windoor-shop.com\/en\/wp-json\/wp\/v2\/product"}],"about":[{"href":"https:\/\/windoor-shop.com\/en\/wp-json\/wp\/v2\/types\/product"}],"wp:featuredmedia":[{"embeddable":true,"href":"https:\/\/windoor-shop.com\/en\/wp-json\/wp\/v2\/media\/200"}],"wp:attachment":[{"href":"https:\/\/windoor-shop.com\/en\/wp-json\/wp\/v2\/media?parent=199"}],"wp:term":[{"taxonomy":"product_brand","embeddable":true,"href":"https:\/\/windoor-shop.com\/en\/wp-json\/wp\/v2\/product_brand?post=199"},{"taxonomy":"product_cat","embeddable":true,"href":"https:\/\/windoor-shop.com\/en\/wp-json\/wp\/v2\/product_cat?post=199"},{"taxonomy":"product_tag","embeddable":true,"href":"https:\/\/windoor-shop.com\/en\/wp-json\/wp\/v2\/product_tag?post=199"}],"curies":[{"name":"wp","href":"https:\/\/api.w.org\/{rel}","templated":true}]}}