{"id":202,"date":"2022-11-08T13:30:53","date_gmt":"2022-11-08T12:30:53","guid":{"rendered":"https:\/\/windoor-shop.com\/?post_type=product&#038;p=202"},"modified":"2024-08-17T13:40:00","modified_gmt":"2024-08-17T11:40:00","slug":"kit-verrous-antivol-sans-telecommande-mercedes-sprinter-volkswagen-crafter","status":"publish","type":"product","link":"https:\/\/windoor-shop.com\/en\/produit\/kit-verrous-antivol-sans-telecommande-mercedes-sprinter-volkswagen-crafter\/","title":{"rendered":"Kit de verrouillage antivol  pour Mercedes SPRINTER, Volkswagen CRAFTER, certifi\u00e9 R10 (E-24)"},"content":{"rendered":"<p>Ce syst\u00e8me de verrou antivol Care-LOCK \u00ab\u00a0<em>Light<\/em> \u00bb certifi\u00e9 R10 (E-24) \u00e0 3 points de verrouillage est sp\u00e9cialement con\u00e7u et adapt\u00e9 pour les v\u00e9hicules utilitaires l\u00e9gers de marques et mod\u00e8les suivants qui poss\u00e8dent une centralisation des portes par t\u00e9l\u00e9commande d\u2019origine:<\/p>\n<p><strong>\u2022\u00a0Mercedes Sprinter <\/strong>(avant 2018 et apr\u00e8s relookage de 2017)<strong><br \/>\n<\/strong><strong>\u2022 Volkswagen Crafter\u00a0<\/strong>(avant 2018 et apr\u00e8s relookage de 2017)<strong><br \/>\n<\/strong><\/p>\n<p>Gr\u00e2ce aux pattes de fixation sp\u00e9cialement con\u00e7ues pour ces mod\u00e8les les verrous s\u2019installent facilement et rapidement.<\/p>\n<p>Le kit comprend les \u00e9l\u00e9ments suivants:<br \/>\n&gt;\u00a01 Verrou V-CL-L-B + 1 Patte V-CL-L-PAT-AH-SPRICRAF<br \/>\n&gt;\u00a01 Verrou V-CL-L-B + 1 Patte V-CL-L-PAT-AB-SPRICRAF<br \/>\n&gt;\u00a01 Verrou V-CL-L-B ( Montage sur porte \u00e0 assurer par vos soins, pas de patte fournie)<\/p>\n<p><strong>Caract\u00e9ristiques techniques<\/strong>:<br \/>\n\u2013 Course du p\u00eane: 18 mm<br \/>\n\u2013 Diam\u00e8tre du p\u00eane: 8 mm<br \/>\n\u2013 Verrou \u00e9lectrique \u00e0 fonctionnement par impulsion 12 V\/DC<br \/>\n\u2013 Montage en parall\u00e8le et jusqu\u2019\u00e0 5 points de verrouillage<br \/>\n\u2013 Bouton rouge de lib\u00e9ration en cas de verrouillage accidentel<br \/>\n\u2013 Guidage du p\u00eane par vis flexible absorbant jusqu\u2019\u00e0 90\u00b0 d\u2019angle<br \/>\n\u2013 G\u00e2ches \u00e0 encastrer + visserie fournies<br \/>\n\u2013 Faisceau simple ou multipoint d\u00e9di\u00e9 avec fusible int\u00e9gr\u00e9<br \/>\n\u2013 Contact \u00e0 plots 2 points v\u00e9hiculant le courant \u00e0 travers la porte lat\u00e9rale<br \/>\n\u2013 Fournitures des kits de fixation des verrous selon le type de porte, le mod\u00e8le du v\u00e9hicule et sa marque<\/p>\n<p><strong>Ses atouts:<\/strong><br \/>\n\u2013 verrous inusables et fiables.<br \/>\n\u2013 verrous ne n\u00e9cessitant pas de per\u00e7age de carrosserie ext\u00e9rieure<br \/>\n\u2013 Temps de pose r\u00e9duit<br \/>\n\u2013 Invisible depuis l\u2019ext\u00e9rieur<br \/>\n\u2013 Utilisable avec t\u00e9l\u00e9commande d\u2019origine<\/p>\n<p>EAN: 7109615519976<\/p>\n","protected":false},"excerpt":{"rendered":"<p>Ce produit, sp\u00e9cialement adapt\u00e9 aux v\u00e9hicules d&#8217;intervention a pour mission de les prot\u00e9ger des vols quand le moteur tourne&#8230;<\/p>\n","protected":false},"featured_media":203,"template":"","meta":{"_et_pb_use_builder":"","_et_pb_old_content":"","_et_gb_content_width":""},"product_brand":[],"product_cat":[34,21,35],"product_tag":[24,22,23,26,25],"class_list":{"0":"post-202","1":"product","2":"type-product","3":"status-publish","4":"has-post-thumbnail","6":"product_cat-mercedes","7":"product_cat-antivols","8":"product_cat-volkswagen","9":"product_tag-antivol-livraison","10":"product_tag-antivol-moteur-tournant","11":"product_tag-antivol-vehicule","12":"product_tag-antivol-vehicule-professionnel","13":"product_tag-protection-marchandise","15":"first","16":"instock","17":"taxable","18":"shipping-taxable","19":"purchasable","20":"product-type-simple"},"_links":{"self":[{"href":"https:\/\/windoor-shop.com\/en\/wp-json\/wp\/v2\/product\/202","targetHints":{"allow":["GET"]}}],"collection":[{"href":"https:\/\/windoor-shop.com\/en\/wp-json\/wp\/v2\/product"}],"about":[{"href":"https:\/\/windoor-shop.com\/en\/wp-json\/wp\/v2\/types\/product"}],"wp:featuredmedia":[{"embeddable":true,"href":"https:\/\/windoor-shop.com\/en\/wp-json\/wp\/v2\/media\/203"}],"wp:attachment":[{"href":"https:\/\/windoor-shop.com\/en\/wp-json\/wp\/v2\/media?parent=202"}],"wp:term":[{"taxonomy":"product_brand","embeddable":true,"href":"https:\/\/windoor-shop.com\/en\/wp-json\/wp\/v2\/product_brand?post=202"},{"taxonomy":"product_cat","embeddable":true,"href":"https:\/\/windoor-shop.com\/en\/wp-json\/wp\/v2\/product_cat?post=202"},{"taxonomy":"product_tag","embeddable":true,"href":"https:\/\/windoor-shop.com\/en\/wp-json\/wp\/v2\/product_tag?post=202"}],"curies":[{"name":"wp","href":"https:\/\/api.w.org\/{rel}","templated":true}]}}