{"id":217,"date":"2022-11-08T15:31:46","date_gmt":"2022-11-08T14:31:46","guid":{"rendered":"https:\/\/windoor-shop.com\/?post_type=product&#038;p=217"},"modified":"2024-08-17T11:07:58","modified_gmt":"2024-08-17T09:07:58","slug":"kit-de-verrouillage-antivol-telecommande-peugeot-boxer-fiat-ducato-citroen-jumper","status":"publish","type":"product","link":"https:\/\/windoor-shop.com\/en\/produit\/kit-de-verrouillage-antivol-telecommande-peugeot-boxer-fiat-ducato-citroen-jumper\/","title":{"rendered":"Kit de verrouillage antivol avec t\u00e9l\u00e9commande pour Peugeot BOXER, Fiat DUCATO, Citro\u00ebn JUMPER, certifi\u00e9 R10 (E-24)"},"content":{"rendered":"<p>Kit antivol Care-LOCK \u00ab\u00a0<em>Light<\/em>\u00ab certifi\u00e9 R10 (E-24) pour v\u00e9hicule utilitaire \u00e0 4 points de verrouillage. Kit complet (verrous + pattes de fixation + kit t\u00e9l\u00e9commande) sp\u00e9cialement con\u00e7u et adapt\u00e9 pour les vans \/ v\u00e9hicules utilitaires l\u00e9gers de marques et mod\u00e8les ci-dessous qui ne poss\u00e8dent <strong>pas<\/strong> de centralisation des portes par t\u00e9l\u00e9commande d\u2019origine ou pour une utilisation souhaitant dissocier le verrouillage des verrous arri\u00e8res et lat\u00e9raux.<\/p>\n<p><strong>\u2022 Peugeot BOXER<br \/>\n\u2022 Fiat DUCATO<br \/>\n\u2022 Citro\u00ebn JUMPER<\/strong><\/p>\n<p>Gr\u00e2ce aux pattes de fixation sp\u00e9cialement con\u00e7ues pour ces mod\u00e8les les verrous s\u2019installent facilement et rapidement.<\/p>\n<p>Le kit comprend les \u00e9l\u00e9ments suivants:<br \/>\n&gt;\u00a01 Verrou (<em>Ref V-CL-L-B<\/em>) et sa patte de fixation (<em>Ref V-CL-L-PAT-AH-BODUJUMH1\/2<\/em>)<br \/>\n&gt;\u00a01 Verrou (<em>Ref V-CL-L-B<\/em>) et sa patte de fixation (<em>Ref\u00a0<\/em>V-CL-L-PAT-AM-BODUJUMH1\/2)<br \/>\n&gt; 1 Verrou (<em>Ref V-CL-L-B<\/em>) et sa patte de fixation (<em>Ref\u00a0<\/em>V-CL-L-PAT-AB-BODUJUMH1\/2)<br \/>\n&gt; 1 Verrou\u00a0et sa patte de fixation (<em>Ref\u00a0<\/em>V-CL-L-PAT-LAT-BODUJUMH1\/2)<br \/>\n&gt;\u00a01 T\u00e9l\u00e9commande (<em>Ref V-CL-L-TLC<\/em>)<br \/>\n&gt;\u00a01 Contact \u00e0 plot (<em>Ref V-CL-L-CONT-PLOT-2<\/em>)<\/p>\n<p><strong>Caract\u00e9ristiques techniques<\/strong>:<br \/>\n\u2013 Course du p\u00eane: 18 mm<br \/>\n\u2013 Diam\u00e8tre du p\u00eane: 8 mm<br \/>\n\u2013 Verrou \u00e9lectrique \u00e0 fonctionnement par impulsion 12 V\/DC<br \/>\n\u2013 Montage en parall\u00e8le et jusqu\u2019\u00e0 5 points de verrouillage<br \/>\n\u2013 Bouton rouge de lib\u00e9ration en cas de verrouillage accidentel<br \/>\n\u2013 Guidage du p\u00eane par vis flexible absorbant jusqu\u2019\u00e0 90\u00b0 d\u2019angle<br \/>\n\u2013 G\u00e2ches \u00e0 encastrer + visserie fournies<br \/>\n\u2013 Faisceau simple ou multipoint d\u00e9di\u00e9 avec fusible int\u00e9gr\u00e9<br \/>\n\u2013 Contact \u00e0 plots 2 points v\u00e9hiculant le courant \u00e0 travers la porte lat\u00e9rale<br \/>\n\u2013 Fournitures des kits de fixation des verrous selon le type de porte, le mod\u00e8le du v\u00e9hicule et sa marque<\/p>\n<p><strong>Ses atouts:<\/strong><br \/>\n\u2013 Inusable et fiable.<br \/>\n\u2013 Pas de per\u00e7age de carrosserie ext\u00e9rieure<br \/>\n\u2013 Temps de pose r\u00e9duit<br \/>\n\u2013 Invisible depuis l\u2019ext\u00e9rieur<br \/>\n\u2013 Utilisable avec t\u00e9l\u00e9commande d\u2019origine<\/p>\n<p>EAN: 7109616701851<\/p>\n","protected":false},"excerpt":{"rendered":"<p>Le syst\u00e8me antivol CARE-LOCK Light est une alternative \u00e9lectro-m\u00e9canique au traditionnel verrou m\u00e9canique de type Master Lock ou &#8220;Puck Lock&#8221;. L&#8217;invisibilit\u00e9 du syst\u00e8me le rend plus fiable face \u00e0 des tentatives d&#8217;effraction.<\/p>\n","protected":false},"featured_media":218,"template":"","meta":{"_et_pb_use_builder":"","_et_pb_old_content":"","_et_gb_content_width":""},"product_brand":[],"product_cat":[37,31,36,21],"product_tag":[24,22,23,26,25],"class_list":{"0":"post-217","1":"product","2":"type-product","3":"status-publish","4":"has-post-thumbnail","6":"product_cat-citroen","7":"product_cat-fiat","8":"product_cat-peugeot","9":"product_cat-antivols","10":"product_tag-antivol-livraison","11":"product_tag-antivol-moteur-tournant","12":"product_tag-antivol-vehicule","13":"product_tag-antivol-vehicule-professionnel","14":"product_tag-protection-marchandise","16":"first","17":"instock","18":"taxable","19":"shipping-taxable","20":"purchasable","21":"product-type-simple"},"_links":{"self":[{"href":"https:\/\/windoor-shop.com\/en\/wp-json\/wp\/v2\/product\/217","targetHints":{"allow":["GET"]}}],"collection":[{"href":"https:\/\/windoor-shop.com\/en\/wp-json\/wp\/v2\/product"}],"about":[{"href":"https:\/\/windoor-shop.com\/en\/wp-json\/wp\/v2\/types\/product"}],"wp:featuredmedia":[{"embeddable":true,"href":"https:\/\/windoor-shop.com\/en\/wp-json\/wp\/v2\/media\/218"}],"wp:attachment":[{"href":"https:\/\/windoor-shop.com\/en\/wp-json\/wp\/v2\/media?parent=217"}],"wp:term":[{"taxonomy":"product_brand","embeddable":true,"href":"https:\/\/windoor-shop.com\/en\/wp-json\/wp\/v2\/product_brand?post=217"},{"taxonomy":"product_cat","embeddable":true,"href":"https:\/\/windoor-shop.com\/en\/wp-json\/wp\/v2\/product_cat?post=217"},{"taxonomy":"product_tag","embeddable":true,"href":"https:\/\/windoor-shop.com\/en\/wp-json\/wp\/v2\/product_tag?post=217"}],"curies":[{"name":"wp","href":"https:\/\/api.w.org\/{rel}","templated":true}]}}