{"id":221,"date":"2022-11-08T15:48:35","date_gmt":"2022-11-08T14:48:35","guid":{"rendered":"https:\/\/windoor-shop.com\/?post_type=product&#038;p=221"},"modified":"2024-05-14T17:03:13","modified_gmt":"2024-05-14T15:03:13","slug":"verrou-antivol-telecommande-pour-renault-kangoo","status":"publish","type":"product","link":"https:\/\/windoor-shop.com\/en\/produit\/verrou-antivol-telecommande-pour-renault-kangoo\/","title":{"rendered":"Verrou antivol avec t\u00e9l\u00e9commande pour Renault KANGOO certifi\u00e9 R10 (E-24)"},"content":{"rendered":"<p>Kit antivol \u00e9lectro-m\u00e9canique Care-LOCK \u00ab\u00a0<em>Light<\/em>\u00ab certifi\u00e9 R10 (E-24) pour v\u00e9hicule utilitaire de type <strong>Renault KANGOO\u00a0<\/strong>\u00e0 3 points de verrouillage et SANS centralisation des portes par t\u00e9l\u00e9commande d\u2019origine. Kit complet (verrous + pattes de fixation + t\u00e9l\u00e9commande) sp\u00e9cialement con\u00e7u et adapt\u00e9 pour ce mod\u00e8le de van utilitaire. S\u2019installe facilement gr\u00e2ce aux pattes de fixation sp\u00e9cialement con\u00e7ues pour ce mod\u00e8le de v\u00e9hicule utilitaire.<\/p>\n<p>Le kit comprend les \u00e9l\u00e9ments suivants:<br \/>\n&gt;\u00a01 Verrou (<em>Ref V-CL-L-B<\/em>) et sa patte de fixation (<em>Ref\u00a0V-CL-L-PAT-AH-KANGOO<\/em>)<br \/>\n&gt;\u00a01 Verrou (<em>Ref V-CL-L-B<\/em>) et sa patte de fixation (<em>Ref\u00a0\u00a0V-CL-L-PAT-AB-KANGOO<\/em>)<br \/>\n&gt; 1 Verrou (<em>Ref V-CL-L-B<\/em>) et sa patte de fixation (<em>Ref\u00a0\u00a0V-CL-L-PAT-LAD-KANGOO<\/em>)<br \/>\n&gt;\u00a01 T\u00e9l\u00e9commande (<em>Ref V-CL-L-TLC)<br \/>\n&gt;\u00a0<\/em>1 Contact \u00e0 plot (<em>Ref V-CL-L-CONT-PLOT-2<\/em>)<\/p>\n<p><strong>Caract\u00e9ristiques techniques<\/strong>:<br \/>\n\u2013 Course du p\u00eane: 18 mm<br \/>\n\u2013 Diam\u00e8tre du p\u00eane: 8 mm<br \/>\n\u2013 Verrou \u00e9lectrique \u00e0 fonctionnement par impulsion 12 V\/DC<br \/>\n\u2013 Montage en parall\u00e8le et jusqu\u2019\u00e0 5 points de verrouillage<br \/>\n\u2013 Bouton rouge de lib\u00e9ration en cas de verrouillage accidentel<br \/>\n\u2013 Guidage du p\u00eane par vis flexible absorbant jusqu\u2019\u00e0 90\u00b0 d\u2019angle<br \/>\n\u2013 G\u00e2ches \u00e0 encastrer + visserie fournies<br \/>\n\u2013 Faisceau simple ou multipoint d\u00e9di\u00e9 avec fusible int\u00e9gr\u00e9<br \/>\n\u2013 Contact \u00e0 plots 2 points v\u00e9hiculant le courant \u00e0 travers la porte lat\u00e9rale<br \/>\n\u2013 Fournitures des kits de fixation des verrous selon le type de porte, le mod\u00e8le du v\u00e9hicule et sa marque<\/p>\n<p><strong>Ses atouts:<\/strong><br \/>\n\u2013 Inusable et fiable.<br \/>\n\u2013 Pas de per\u00e7age de carrosserie ext\u00e9rieure<br \/>\n\u2013 Temps de pose r\u00e9duit<br \/>\n\u2013 Invisible depuis l\u2019ext\u00e9rieur<br \/>\n\u2013 Utilisable avec t\u00e9l\u00e9commande d\u2019origine<\/p>\n<p>EAN: 7109615793260<\/p>\n","protected":false},"excerpt":{"rendered":"<p>Le syst\u00e8me antivol CARE-LOCK Light est une alternative \u00e9lectro-m\u00e9canique au traditionnel verrou m\u00e9canique de type Master Lock ou &#8220;Puck Lock&#8221;. L&#8217;invisibilit\u00e9 du syst\u00e8me le rend plus fiable face \u00e0 des tentatives d&#8217;effraction.<\/p>\n","protected":false},"featured_media":222,"template":"","meta":{"_et_pb_use_builder":"","_et_pb_old_content":"","_et_gb_content_width":""},"product_brand":[],"product_cat":[29,21],"product_tag":[24,22,23,26,25],"class_list":{"0":"post-221","1":"product","2":"type-product","3":"status-publish","4":"has-post-thumbnail","6":"product_cat-renault","7":"product_cat-antivols","8":"product_tag-antivol-livraison","9":"product_tag-antivol-moteur-tournant","10":"product_tag-antivol-vehicule","11":"product_tag-antivol-vehicule-professionnel","12":"product_tag-protection-marchandise","14":"first","15":"instock","16":"taxable","17":"shipping-taxable","18":"purchasable","19":"product-type-simple"},"_links":{"self":[{"href":"https:\/\/windoor-shop.com\/en\/wp-json\/wp\/v2\/product\/221","targetHints":{"allow":["GET"]}}],"collection":[{"href":"https:\/\/windoor-shop.com\/en\/wp-json\/wp\/v2\/product"}],"about":[{"href":"https:\/\/windoor-shop.com\/en\/wp-json\/wp\/v2\/types\/product"}],"wp:featuredmedia":[{"embeddable":true,"href":"https:\/\/windoor-shop.com\/en\/wp-json\/wp\/v2\/media\/222"}],"wp:attachment":[{"href":"https:\/\/windoor-shop.com\/en\/wp-json\/wp\/v2\/media?parent=221"}],"wp:term":[{"taxonomy":"product_brand","embeddable":true,"href":"https:\/\/windoor-shop.com\/en\/wp-json\/wp\/v2\/product_brand?post=221"},{"taxonomy":"product_cat","embeddable":true,"href":"https:\/\/windoor-shop.com\/en\/wp-json\/wp\/v2\/product_cat?post=221"},{"taxonomy":"product_tag","embeddable":true,"href":"https:\/\/windoor-shop.com\/en\/wp-json\/wp\/v2\/product_tag?post=221"}],"curies":[{"name":"wp","href":"https:\/\/api.w.org\/{rel}","templated":true}]}}