{"id":259,"date":"2022-11-14T16:26:19","date_gmt":"2022-11-14T15:26:19","guid":{"rendered":"https:\/\/windoor-shop.com\/?post_type=product&#038;p=259"},"modified":"2024-08-17T11:05:51","modified_gmt":"2024-08-17T09:05:51","slug":"verrou-antivol-telecommande-utilitaire-citroen-berlingo-et-peugeot-partner","status":"publish","type":"product","link":"https:\/\/windoor-shop.com\/en\/produit\/verrou-antivol-telecommande-utilitaire-citroen-berlingo-et-peugeot-partner\/","title":{"rendered":"Verrou antivol avec t\u00e9l\u00e9commande pour utilitaire Citro\u00ebn BERLINGO et Peugeot PARTNER certifi\u00e9 R10 (E-24)"},"content":{"rendered":"<p>Kit antivol \u00e9lectro-m\u00e9canique Care-LOCK \u00ab\u00a0<em>Light<\/em>\u00ab certifi\u00e9 R10 (E-24) pour v\u00e9hicule utilitaire pour Renault <strong>BERLINGO<\/strong> et Peugeot <strong>PARTNER\u00a0<\/strong>\u00e0 3 points de verrouillage. Kit complet (verrous + pattes de fixation) sp\u00e9cialement con\u00e7u et adapt\u00e9 pour ce mod\u00e8le de van utilitaire. S\u2019installe facilement gr\u00e2ce aux pattes de fixation sp\u00e9cialement con\u00e7ues pour ce mod\u00e8le de v\u00e9hicule utilitaire.<\/p>\n<p>Le kit comprend les \u00e9l\u00e9ments suivants:<br \/>\n&gt;\u00a01 Verrou (<em>Ref V-CL-L-B<\/em>) et sa patte de fixation (<em>Ref\u00a0\u00a0V-CL-L-PAT-AH-BERPART<\/em>)<br \/>\n&gt;\u00a01 Verrou (<em>Ref V-CL-L-B<\/em>) et sa patte de fixation (<em>Ref\u00a0V-CL-L-PAT-AB-BERPART<\/em>)<br \/>\n&gt; 1 Verrou (<em>Ref V-CL-L-B<\/em>) et sa patte de fixation (<em>Ref\u00a0V-CL-L-PAT-LAT-BERPART<\/em>)<br \/>\n1 T\u00e9l\u00e9commande (Ref V-CL-L-TLC)<br \/>\n&gt; 1 Contact \u00e0 plot (Ref V-CL-L-CONT-PLOT-2)<\/p>\n<p><strong>Caract\u00e9ristiques techniques<\/strong>:<br \/>\n\u2013 Course du p\u00eane: 18 mm<br \/>\n\u2013 Diam\u00e8tre du p\u00eane: 8 mm<br \/>\n\u2013 Verrou \u00e9lectrique \u00e0 fonctionnement par impulsion 12 V\/DC<br \/>\n\u2013 Montage en parall\u00e8le et jusqu\u2019\u00e0 5 points de verrouillage<br \/>\n\u2013 Bouton rouge de lib\u00e9ration en cas de verrouillage accidentel<br \/>\n\u2013 Guidage du p\u00eane par vis flexible absorbant jusqu\u2019\u00e0 90\u00b0 d\u2019angle<br \/>\n\u2013 G\u00e2ches \u00e0 encastrer + visserie fournies<br \/>\n\u2013 Faisceau simple ou multipoint d\u00e9di\u00e9 avec fusible int\u00e9gr\u00e9<br \/>\n\u2013 Contact \u00e0 plots 2 points v\u00e9hiculant le courant \u00e0 travers la porte lat\u00e9rale<br \/>\n\u2013 Fournitures des kits de fixation des verrous selon le type de porte, le mod\u00e8le du v\u00e9hicule et sa marque<\/p>\n<p><strong>Ses atouts:<\/strong><br \/>\n\u2013 Inusable et fiable.<br \/>\n\u2013 Pas de per\u00e7age de carrosserie ext\u00e9rieure<br \/>\n\u2013 Temps de pose r\u00e9duit<br \/>\n\u2013 Invisible depuis l\u2019ext\u00e9rieur<br \/>\n\u2013 Utilisable avec t\u00e9l\u00e9commande d\u2019origine<\/p>\n<p>verrou haute s\u00e9curit\u00e9 anti-vol anti-intrusion &#8211; verrou m\u00e9canique- electro-m\u00e9canique-protection utilitaire vul<\/p>\n","protected":false},"excerpt":{"rendered":"<p>Le syst\u00e8me antivol CARE-LOCK Light est une alternative \u00e9lectro-m\u00e9canique au traditionnel verrou m\u00e9canique de type Master Lock ou &#8220;Puck Lock&#8221;. L&#8217;invisibilit\u00e9 du syst\u00e8me le rend plus fiable face \u00e0 des tentatives d&#8217;effraction.<\/p>\n","protected":false},"featured_media":276,"template":"","meta":{"_et_pb_use_builder":"","_et_pb_old_content":"","_et_gb_content_width":""},"product_brand":[],"product_cat":[37,36,21],"product_tag":[24,22,23,26,25],"class_list":{"0":"post-259","1":"product","2":"type-product","3":"status-publish","4":"has-post-thumbnail","6":"product_cat-citroen","7":"product_cat-peugeot","8":"product_cat-antivols","9":"product_tag-antivol-livraison","10":"product_tag-antivol-moteur-tournant","11":"product_tag-antivol-vehicule","12":"product_tag-antivol-vehicule-professionnel","13":"product_tag-protection-marchandise","15":"first","16":"instock","17":"taxable","18":"shipping-taxable","19":"purchasable","20":"product-type-simple"},"_links":{"self":[{"href":"https:\/\/windoor-shop.com\/en\/wp-json\/wp\/v2\/product\/259","targetHints":{"allow":["GET"]}}],"collection":[{"href":"https:\/\/windoor-shop.com\/en\/wp-json\/wp\/v2\/product"}],"about":[{"href":"https:\/\/windoor-shop.com\/en\/wp-json\/wp\/v2\/types\/product"}],"wp:featuredmedia":[{"embeddable":true,"href":"https:\/\/windoor-shop.com\/en\/wp-json\/wp\/v2\/media\/276"}],"wp:attachment":[{"href":"https:\/\/windoor-shop.com\/en\/wp-json\/wp\/v2\/media?parent=259"}],"wp:term":[{"taxonomy":"product_brand","embeddable":true,"href":"https:\/\/windoor-shop.com\/en\/wp-json\/wp\/v2\/product_brand?post=259"},{"taxonomy":"product_cat","embeddable":true,"href":"https:\/\/windoor-shop.com\/en\/wp-json\/wp\/v2\/product_cat?post=259"},{"taxonomy":"product_tag","embeddable":true,"href":"https:\/\/windoor-shop.com\/en\/wp-json\/wp\/v2\/product_tag?post=259"}],"curies":[{"name":"wp","href":"https:\/\/api.w.org\/{rel}","templated":true}]}}