{"id":260,"date":"2022-11-14T16:28:11","date_gmt":"2022-11-14T15:28:11","guid":{"rendered":"https:\/\/windoor-shop.com\/?post_type=product&#038;p=260"},"modified":"2024-08-17T13:45:26","modified_gmt":"2024-08-17T11:45:26","slug":"verrou-antivol-utilitaire-volkswagen-t6","status":"publish","type":"product","link":"https:\/\/windoor-shop.com\/en\/produit\/verrou-antivol-utilitaire-volkswagen-t6\/","title":{"rendered":"Verrou antivol pour utilitaire Volkswagen T6 certifi\u00e9 R10 (E-24)"},"content":{"rendered":"<p>Kit antivol Care-LOCK \u00ab\u00a0<em>Light<\/em>\u00a0\u00bb certifi\u00e9 R10 (E-24) pour v\u00e9hicule utilitaire \u00e0 3 points de verrouillage. Kit complet (verrous\u00a0 + pattes de fixation) sp\u00e9cialement con\u00e7u et adapt\u00e9 pour les vans \/ v\u00e9hicules utilitaires l\u00e9gers de marques et mod\u00e8les ci-dessous qui\u00a0 poss\u00e8dent <strong>d\u00e9j\u00e0<\/strong> de centralisation des portes par t\u00e9l\u00e9commande d\u2019origine:<\/p>\n<p><strong>\u2022 Volkswagen Transporter 6<\/strong><strong><br \/>\n<\/strong><\/p>\n<p>Gr\u00e2ce aux pattes de fixation sp\u00e9cialement con\u00e7ues pour ces mod\u00e8les les verrous s\u2019installent facilement et rapidement.<\/p>\n<p>Le kit comprend les \u00e9l\u00e9ments suivants:<br \/>\n&gt;\u00a01 Verrou (<em>Ref V-CL-L-B<\/em>) et sa patte de fixation (Ref V-CL-L-PAT-AH-VWT6)<br \/>\n&gt;\u00a01 Verrou (<em>Ref V-CL-L-B<\/em>) et sa patte de fixation (Ref V-CL-L-PAT-AB-VWT6)<br \/>\n&gt;\u00a01 Verrou (<em>Ref V-CL-L-B<\/em>) et sa patte de fixation (Ref V-CL-L-PAT-LAT-VWT6)<\/p>\n<p><strong>Caract\u00e9ristiques techniques<\/strong>:<br \/>\n\u2013 Course du p\u00eane: 18 mm<br \/>\n\u2013 Diam\u00e8tre du p\u00eane: 8 mm<br \/>\n\u2013 Verrou \u00e9lectrique \u00e0 fonctionnement par impulsion 12 V\/DC<br \/>\n\u2013 Montage en parall\u00e8le et jusqu\u2019\u00e0 5 points de verrouillage<br \/>\n\u2013 Bouton rouge de lib\u00e9ration en cas de verrouillage accidentel<br \/>\n\u2013 Guidage du p\u00eane par vis flexible absorbant jusqu\u2019\u00e0 90\u00b0 d\u2019angle<br \/>\n\u2013 G\u00e2ches \u00e0 encastrer + visserie fournies<br \/>\n\u2013 Faisceau simple ou multipoint d\u00e9di\u00e9 avec fusible int\u00e9gr\u00e9<br \/>\n\u2013 Contact \u00e0 plots 2 points v\u00e9hiculant le courant \u00e0 travers la porte lat\u00e9rale<br \/>\n\u2013 Fournitures des kits de fixation des verrous selon le type de porte, le mod\u00e8le du v\u00e9hicule et sa marque<\/p>\n<p><strong>Ses atouts:<\/strong><br \/>\n\u2013 Inusable et fiable.<br \/>\n\u2013 Pas de per\u00e7age de carrosserie ext\u00e9rieure<br \/>\n\u2013 Temps de pose r\u00e9duit<br \/>\n\u2013 Invisible depuis l\u2019ext\u00e9rieur<br \/>\n\u2013 Utilisable avec t\u00e9l\u00e9commande d\u2019origine<\/p>\n<p>verrou haute s\u00e9curit\u00e9 anti-vol anti-intrusion &#8211; verrou m\u00e9canique- electro-m\u00e9canique-protection utilitaire vul<\/p>\n","protected":false},"excerpt":{"rendered":"<p>Ce produit, sp\u00e9cialement adapt\u00e9 aux v\u00e9hicules d&#8217;intervention a pour mission de les prot\u00e9ger des vols quand le moteur tourne&#8230;<\/p>\n","protected":false},"featured_media":261,"template":"","meta":{"_et_pb_use_builder":"","_et_pb_old_content":"","_et_gb_content_width":""},"product_brand":[],"product_cat":[21,35],"product_tag":[24,22,23,26,25],"class_list":{"0":"post-260","1":"product","2":"type-product","3":"status-publish","4":"has-post-thumbnail","6":"product_cat-antivols","7":"product_cat-volkswagen","8":"product_tag-antivol-livraison","9":"product_tag-antivol-moteur-tournant","10":"product_tag-antivol-vehicule","11":"product_tag-antivol-vehicule-professionnel","12":"product_tag-protection-marchandise","14":"first","15":"instock","16":"taxable","17":"shipping-taxable","18":"purchasable","19":"product-type-simple"},"_links":{"self":[{"href":"https:\/\/windoor-shop.com\/en\/wp-json\/wp\/v2\/product\/260","targetHints":{"allow":["GET"]}}],"collection":[{"href":"https:\/\/windoor-shop.com\/en\/wp-json\/wp\/v2\/product"}],"about":[{"href":"https:\/\/windoor-shop.com\/en\/wp-json\/wp\/v2\/types\/product"}],"wp:featuredmedia":[{"embeddable":true,"href":"https:\/\/windoor-shop.com\/en\/wp-json\/wp\/v2\/media\/261"}],"wp:attachment":[{"href":"https:\/\/windoor-shop.com\/en\/wp-json\/wp\/v2\/media?parent=260"}],"wp:term":[{"taxonomy":"product_brand","embeddable":true,"href":"https:\/\/windoor-shop.com\/en\/wp-json\/wp\/v2\/product_brand?post=260"},{"taxonomy":"product_cat","embeddable":true,"href":"https:\/\/windoor-shop.com\/en\/wp-json\/wp\/v2\/product_cat?post=260"},{"taxonomy":"product_tag","embeddable":true,"href":"https:\/\/windoor-shop.com\/en\/wp-json\/wp\/v2\/product_tag?post=260"}],"curies":[{"name":"wp","href":"https:\/\/api.w.org\/{rel}","templated":true}]}}