{"id":490,"date":"2022-11-25T12:59:58","date_gmt":"2022-11-25T11:59:58","guid":{"rendered":"https:\/\/windoor-shop.com\/produit\/care-block-encrypted-auto-ant-theft-device\/"},"modified":"2022-11-25T17:18:41","modified_gmt":"2022-11-25T16:18:41","slug":"car-anthi-theft-system","status":"publish","type":"product","link":"https:\/\/windoor-shop.com\/en\/produit\/car-anthi-theft-system\/","title":{"rendered":"CARE-BLOCK \u2022 Encrypted auto anti-theft device"},"content":{"rendered":"<p>CARE-BLOCK is at the same time a <em>circuit breaker,<\/em> an anti-starting, an anti-mouse-jacking and an electronic <strong>anti-theft<\/strong> device for <strong>vehicles<\/strong> It works in 12-24 volts and integrates up to 4 cuts of 30 amperes each. Universal, this electronic vehicle <em>anti-theft<\/em> device adapts to any type of vehicle, from the car of any private individual to the agricultural vehicle (tractor), the commercial vehicle (utility vehicle), the heavy goods vehicle by way of the machines of building site and TP (bob-cat, excavator, etc). L\u2019antivol \u00e9lectronique anti <em>mouse-jacking<\/em> pour v\u00e9hicule CARE-BLOCK int\u00e8gre une nouvelle <strong>technologie crypt\u00e9e et sans-fil<\/strong>.<\/p>\n<p>The system consists of a control box hidden in the passenger compartment and a keypad placed in the passenger compartment &#8211; usually on the dashboard &#8211; to enter the unlock code. Unlike other electronic anti-theft devices, our <em>car anti-theft system<\/em> is <strong>wireless<\/strong> in the sense that there is <u>no wired link<\/u> between the box and the remote control that gives the signal to activate or deactivate the anti-starting. There is no wire to follow and cut unlike other OBD antitheft devices that connect directly to the OBD socket. The BIG difference is that the signal between the control box and the remote control is <strong>encrypted<\/strong> and cannot be hijacked like in the usual circuit-breakers CARE-BLOCK is the next generation <em>solution<\/em> <em>anti-theft ki<\/em>t to prevent vehicles from being stolen<\/p>\n<p>The operation of this wireless electronic anti-theft device is simple: CARE-BLOCK immobilizes the vehicle by 2 independent cuts of the fuel supply circuit or the electrical circuit of the vehicle. The immobilizer is activated 5-10 seconds after the engine is turned off. La d\u00e9sactivation est effective apr\u00e8s composition du code utilisateur sur le clavier. Deactivation is also possible from another type of transmitter.<\/p>\n<p>The system comes as a ready-to-install kit and consists of the following elements :<\/p>\n<ul>\n<li>CONTROL BOX<\/li>\n<\/ul>\n<p>This is the box that manages the circuit breaker system, the time delays, the time slots, the different users, in short the heart of the system. It is resinated at the factory to make any modification or opening impossible. This also makes it waterproof so that it can be placed both indoors and outdoors.<\/p>\n<ul>\n<li>REMOTE CONTROL<\/li>\n<\/ul>\n<p>This remote control is unique to Windoor, both in its design and in its functionality. With a minimalist and modern design, it consists of a brushed aluminum frame and a front panel of 11 keys with a light retro-luminescence for the comfort of reading at night. It allows to activate and deactivate the circuit breaker and to control the different anti-theft and anti-starting functions on the vehicle by sending an encrypted radio signal to the control box. Elle trouvera sa place tant dans un engin de travaux public que dans l\u2019habitacle d\u2019une \u00e9l\u00e9gante voiture de tourisme haut de gamme. Elle est aliment\u00e9e par un c\u00e2ble et est aussi disponible en version 100% sans-fil.<\/p>\n<ul>\n<li>CONNECTION<\/li>\n<\/ul>\n<p>Each kit is delivered in its box with the necessary connections: a power cable for the remote control and a connection to link the control box to the various vehicle components on which the immobilizer operates.<br \/>\nFind the complete presentation of our anti-theft device on its dedicated page http:\/\/anti-demarrage-electronique-engins-tp.fr\/<\/p>\n","protected":false},"excerpt":{"rendered":"<p>CARE-BLOCK is at the same time a circuit breaker, an anti-starting, an anti-mouse-jacking and an electronic anti-theft device for vehicles It works in 12-24 volts and integrates up to 4 cuts of 30 amperes each. Universal, this electronic vehicle anti-theft device adapts to any type of vehicle, from the car of any private individual to [&hellip;]<\/p>\n","protected":false},"featured_media":477,"template":"","meta":{"_et_pb_use_builder":"","_et_pb_old_content":"","_et_gb_content_width":""},"product_brand":[],"product_cat":[17],"product_tag":[],"class_list":{"0":"post-490","1":"product","2":"type-product","3":"status-publish","4":"has-post-thumbnail","6":"product_cat-non-classe","8":"first","9":"instock","10":"taxable","11":"shipping-taxable","12":"purchasable","13":"product-type-simple"},"_links":{"self":[{"href":"https:\/\/windoor-shop.com\/en\/wp-json\/wp\/v2\/product\/490","targetHints":{"allow":["GET"]}}],"collection":[{"href":"https:\/\/windoor-shop.com\/en\/wp-json\/wp\/v2\/product"}],"about":[{"href":"https:\/\/windoor-shop.com\/en\/wp-json\/wp\/v2\/types\/product"}],"wp:featuredmedia":[{"embeddable":true,"href":"https:\/\/windoor-shop.com\/en\/wp-json\/wp\/v2\/media\/477"}],"wp:attachment":[{"href":"https:\/\/windoor-shop.com\/en\/wp-json\/wp\/v2\/media?parent=490"}],"wp:term":[{"taxonomy":"product_brand","embeddable":true,"href":"https:\/\/windoor-shop.com\/en\/wp-json\/wp\/v2\/product_brand?post=490"},{"taxonomy":"product_cat","embeddable":true,"href":"https:\/\/windoor-shop.com\/en\/wp-json\/wp\/v2\/product_cat?post=490"},{"taxonomy":"product_tag","embeddable":true,"href":"https:\/\/windoor-shop.com\/en\/wp-json\/wp\/v2\/product_tag?post=490"}],"curies":[{"name":"wp","href":"https:\/\/api.w.org\/{rel}","templated":true}]}}