{"id":682,"date":"2022-12-01T15:29:11","date_gmt":"2022-12-01T14:29:11","guid":{"rendered":"https:\/\/windoor-shop.com\/?post_type=product&#038;p=682"},"modified":"2025-08-04T19:47:26","modified_gmt":"2025-08-04T17:47:26","slug":"ouverture-portail-porte-garage-motorise-auto-moto-cc-k-u","status":"publish","type":"product","link":"https:\/\/windoor-shop.com\/en\/produit\/ouverture-portail-porte-garage-motorise-auto-moto-cc-k-u\/","title":{"rendered":"Kit CARE-CODE\u00ae complet pour ouverture portail ou porte garage motoris\u00e9 Ref CC-K-U"},"content":{"rendered":"<div class=\"col-md-8 text-default small-screen-default\">\n<header class=\"text-center element-medium-top element-short-bottom not-condensed os-animation animated fadeInUp\" data-os-animation=\"fadeInUp\" data-os-animation-delay=\"0s\">\n<h3 class=\"bigger hairline bordered bordered-small\">Ing\u00e9nieux, simple, crypt\u00e9<\/h3>\n<p class=\"normal\">Care Code est un ing\u00e9nieux syst\u00e8me d&#8217;<strong>ouverture<\/strong> de <strong>portail<\/strong> et <strong>garage motoris\u00e9s<\/strong> <strong>automatique <\/strong>par <strong>appel de phares<\/strong>. Il se compose d&#8217;un r\u00e9cepteur plac\u00e9 sur la porte et d&#8217;un \u00e9metteur dissimul\u00e9 dans le v\u00e9hicule. Un simple appel de phare (un, deux ou trois coups) permet d&#8217;ouvrir ais\u00e9ment jusqu&#8217; \u00e0 4 portes diff\u00e9rentes de garage ou portail. Simple d&#8217;installation, pratique d&#8217;utilisation le syst\u00e8me d&#8217;ouverture par appel de phares permet d&#8217;avantage de s\u00e9curit\u00e9 puisque il n&#8217;y a pas de risque de vol de t\u00e9l\u00e9commande ou de code. Un vrai gadget digne de James Bond !<\/p>\n<\/header>\n<\/div>\n<h4 data-animation=\"bounce\">Composition &amp; fonctionnement du syst\u00e8me<\/h4>\n<div class=\"features-list-icon box-animate\" data-animation=\"bounce\">Le kit se compose d\u2019un r\u00e9cepteur plac\u00e9 sur le m\u00e9canisme de la porte motoris\u00e9e et d\u2019un \u00e9metteur branch\u00e9 sur le v\u00e9hicule. Les deux communiquent par radiofr\u00e9quence crypt\u00e9e.<br \/>\nSur pression de la commande d\u2019appel de phare (par exemple) l\u2019\u00e9metteur, mis sous tension \u00e0 ce moment-l\u00e0, pilote \u00e0 distance la sortie du r\u00e9cepteur pendant 2 secondes, le temps de simuler un appui sur l\u2019interrupteur manuel d\u2019ouverture de la porte ou du portail.<br \/>\nUne double pression (par exemple) suffit pour refermer la porte. Il est aussi possible de commander un autre automatisme. Et un r\u00e9cepteur accepte une infinit\u00e9 d\u2019\u00e9metteur! Une fois transmis sa commande, l\u2019\u00e9metteur bascule en veille prolong\u00e9e pour passer en tr\u00e8s faible consommation.<\/div>\n<p>Le Kit CC-K-U est la nouvelle version du syst\u00e8me de commande radio \u00e0 2 canaux destin\u00e9 \u00e0 l&#8217;ouverture \u00e0 distance de porte de garage et\/ou portails, par simple man\u0153uvre des phares, sans avoir \u00e0 chercher l\u2019\u00e9metteur.<\/p>\n<p>Il se compose du mini \u00e9metteur CC-EME-2 et du mini r\u00e9cepteur CC-REC-2.\u00a0 Gr\u00e2ce \u00e0 sa mini taille et son poids plume l\u2019\u00e9metteur est destin\u00e9 \u00e0 \u00eatre install\u00e9 en ext\u00e9rieur (coffre, habitacle, car\u00e9nage moto etc.) mais \u00e0 l&#8217;abri car bien qu&#8217;insensible \u00e0 l&#8217;humidit\u00e9 il n&#8217;est pas conseill\u00e9 de laisser les produits expos\u00e9s aux \u00e9l\u00e9ments.<\/p>\n<p>Sur un double appel de phare (canal 1) l\u2019\u00e9metteur, mis sous tension \u00e0 ce moment-l\u00e0, pilote \u00e0 distance la sortie 1 du r\u00e9cepteur pendant 2 secondes, le temps de simuler un appui sur l\u2019interrupteur manuel d\u2019ouverture de la porte ou du portail.<br \/>\nSur un appel de phare prolong\u00e9 (canal 2), il est possible de commander un autre portail ou une autre porte (\u00e9quip\u00e9s d&#8217;un autre r\u00e9cepteur par exemple ) OU de commander la sortie 2 du m\u00eame r\u00e9cepteur pour refermer par exemple la porte ou le portail ou bien \u00e9clairer votre all\u00e9e ou votre jardin&#8230;<br \/>\nUne fois transmis sa commande, l&#8217;\u00e9metteur bascule en veille prolong\u00e9e pour passer en tr\u00e8s faible consommation.<\/p>\n<h4 class=\"bigger hairline bordered bordered-normal\">Caract\u00e9ristiques techniques<\/h4>\n<p>\u00c9metteur:<br \/>\nAlimentation : 10-24vdc<br \/>\nConsommation en veille : &lt;&lt;2mA\/H<br \/>\nConsommation en \u00e9mission : 35 mA\/H<br \/>\nFr\u00e9quence porteuse : 868.5 Mhz<br \/>\nPort\u00e9e maximum: entre 25 et 50 m\u00e8tres<br \/>\nModulation : FSK<br \/>\nCodage : 128 bits<br \/>\nPuissance Emission : \u2039 10dB<br \/>\nSensibilit\u00e9 R\u00e9ception : -112dBm<br \/>\nTemp\u00e9rature : -20\u00b0C \/ +70\u00b0C<br \/>\nDimensions : 35 x 35 x 15 mm<br \/>\nPoids : 14g<br \/>\nPort\u00e9e: 30 \u00e0 100m<\/p>\n<div class=\"col-md-6 text-default small-screen-default\">\n<div class=\" element-short-top element-short-bottom\" data-os-animation=\"none\" data-os-animation-delay=\"0s\">\n<p class=\"font_8\"><span class=\"color_15\">R\u00e9cepteur:<strong><br \/>\n<\/strong><\/span>Nombres de sorties : 2 (MOS 50mA)<br \/>\nM\u00e9moire \u00e9metteur : illimit\u00e9e<br \/>\nAlimentation : 10-24v ac\/dc<br \/>\nRaccordement : 4 fils<br \/>\nConsommation : 4 mA<br \/>\nFr\u00e9quence porteuse : 868.5 Mhz<br \/>\nPort\u00e9e maximum: entre 25 et 50 m\u00e8tres<br \/>\nModulation : FSK<br \/>\nSensibilit\u00e9 : -106dBm<br \/>\nTemp\u00e9rature : -20\u00b0C \/ +70\u00b0C<br \/>\nDimensions : 35 x 35 x 15 mm<br \/>\nPoids : 14g<br \/>\nPort\u00e9e: 30 \u00e0 100m<\/p>\n<p><em>Vous pouvez d\u00e9couvrir \u00e9galement le site d\u00e9di\u00e9 \u00e0 ce produit sur https:\/\/care-code.com<\/em><\/p>\n<\/div>\n<\/div>\n","protected":false},"excerpt":{"rendered":"<p>Ing\u00e9nieux, simple, crypt\u00e9 Care Code est un ing\u00e9nieux syst\u00e8me d&#8217;ouverture de portail et garage motoris\u00e9s automatique par appel de phares. Il se compose d&#8217;un r\u00e9cepteur plac\u00e9 sur la porte et d&#8217;un \u00e9metteur dissimul\u00e9 dans le v\u00e9hicule. Un simple appel de phare (un, deux ou trois coups) permet d&#8217;ouvrir ais\u00e9ment jusqu&#8217; \u00e0 4 portes diff\u00e9rentes de [&hellip;]<\/p>\n","protected":false},"featured_media":698,"template":"","meta":{"_et_pb_use_builder":"","_et_pb_old_content":"","_et_gb_content_width":""},"product_brand":[],"product_cat":[30],"product_tag":[],"class_list":{"0":"post-682","1":"product","2":"type-product","3":"status-publish","4":"has-post-thumbnail","6":"product_cat-care-code","8":"first","9":"onbackorder","10":"taxable","11":"shipping-taxable","12":"purchasable","13":"product-type-simple"},"_links":{"self":[{"href":"https:\/\/windoor-shop.com\/en\/wp-json\/wp\/v2\/product\/682","targetHints":{"allow":["GET"]}}],"collection":[{"href":"https:\/\/windoor-shop.com\/en\/wp-json\/wp\/v2\/product"}],"about":[{"href":"https:\/\/windoor-shop.com\/en\/wp-json\/wp\/v2\/types\/product"}],"wp:featuredmedia":[{"embeddable":true,"href":"https:\/\/windoor-shop.com\/en\/wp-json\/wp\/v2\/media\/698"}],"wp:attachment":[{"href":"https:\/\/windoor-shop.com\/en\/wp-json\/wp\/v2\/media?parent=682"}],"wp:term":[{"taxonomy":"product_brand","embeddable":true,"href":"https:\/\/windoor-shop.com\/en\/wp-json\/wp\/v2\/product_brand?post=682"},{"taxonomy":"product_cat","embeddable":true,"href":"https:\/\/windoor-shop.com\/en\/wp-json\/wp\/v2\/product_cat?post=682"},{"taxonomy":"product_tag","embeddable":true,"href":"https:\/\/windoor-shop.com\/en\/wp-json\/wp\/v2\/product_tag?post=682"}],"curies":[{"name":"wp","href":"https:\/\/api.w.org\/{rel}","templated":true}]}}