{"id":730,"date":"2022-12-01T15:59:13","date_gmt":"2022-12-01T14:59:13","guid":{"rendered":"https:\/\/windoor-shop.com\/?post_type=product&#038;p=730"},"modified":"2025-10-22T15:31:54","modified_gmt":"2025-10-22T13:31:54","slug":"care-code-emetteur-pour-ouverture-portail-ou-porte-garage-motorise-ref-cc-rec-2","status":"publish","type":"product","link":"https:\/\/windoor-shop.com\/en\/produit\/care-code-emetteur-pour-ouverture-portail-ou-porte-garage-motorise-ref-cc-rec-2\/","title":{"rendered":"CARE-CODE\u00ae R\u00e9cepteur pour ouverture portail ou porte garage motoris\u00e9 \u2022 Ref CC-REC-2"},"content":{"rendered":"<div class=\"col-md-8 text-default small-screen-default\">\n<header class=\"text-center element-medium-top element-short-bottom not-condensed os-animation animated fadeInUp\" data-os-animation=\"fadeInUp\" data-os-animation-delay=\"0s\">\n<h3 class=\"bigger hairline bordered bordered-small\">Ing\u00e9nieux, simple, crypt\u00e9<\/h3>\n<p class=\"normal\">Care Code est un ing\u00e9nieux syst\u00e8me d&#8217;<strong>ouverture<\/strong> de <strong>portail<\/strong> et <strong>garage motoris\u00e9s<\/strong> <strong>automatique <\/strong>par <strong>appel de phares<\/strong>. Il se compose d&#8217;un r\u00e9cepteur plac\u00e9 sur la porte et d&#8217;un \u00e9metteur dissimul\u00e9 dans le v\u00e9hicule. Un simple appel de phare (un, deux ou trois coups) permet d&#8217;ouvrir ais\u00e9ment jusqu&#8217; \u00e0 4 portes diff\u00e9rentes de garage ou portail. Simple d&#8217;installation, pratique d&#8217;utilisation le syst\u00e8me d&#8217;ouverture par appel de phares permet d&#8217;avantage de s\u00e9curit\u00e9 puisque il n&#8217;y a pas de risque de vol de t\u00e9l\u00e9commande ou de code. Un vrai gadget digne de James Bond !<\/p>\n<\/header>\n<\/div>\n<div class=\"col-md-6 text-default small-screen-default\">\n<div class=\" element-short-top element-short-bottom\" data-os-animation=\"none\" data-os-animation-delay=\"0s\">\n<p><strong>R\u00e9cepteur<\/strong> \u00e0 2 canaux pour syst\u00e8me de commande radio Care-Code. (pour portail ou porte motoris(\u00e9) suppl\u00e9mentaire).<br \/>\nCe r\u00e9cepteur est un des 2 composants du kit complet.<br \/>\nIl fonctionne en courant continu et alternatif 12\/24V (attention pour une valeur de courant alternatif d\u00e9passant 24V, il est conseill\u00e9 de brancher la diode ZENER fournie en amont du circuit pour un fonctionnement conforme.<\/p>\n<p>Il est n\u00e9cessaire, si vous avez d\u00e9j\u00e0 pris un CC-K-U dont le r\u00e9cepteur est utilis\u00e9 sur ses 2 sorties et que vous poss\u00e9dez une porte ou un portail motoris\u00e9(e) suppl\u00e9mentaire (garage\/portail\/acc\u00e8s).<br \/>\nPour un 3\u00e8me acc\u00e8s motoris\u00e9 il vous faudra un autre r\u00e9cepteur CC-REC-2 (nous consulter)<br \/>\nVous pouvez, avec un m\u00eame \u00e9metteur, commander jusqu&#8217;\u00e0 10 r\u00e9cepteurs !(Nous consulter)<\/p>\n<p><em>Vous pouvez d\u00e9couvrir \u00e9galement le site d\u00e9di\u00e9 \u00e0 ce produit sur https:\/\/care-code.com<\/em><\/p>\n<\/div>\n<\/div>\n","protected":false},"excerpt":{"rendered":"<p>Ing\u00e9nieux, simple, crypt\u00e9 Care Code est un ing\u00e9nieux syst\u00e8me d&#8217;ouverture de portail et garage motoris\u00e9s automatique par appel de phares. Il se compose d&#8217;un r\u00e9cepteur plac\u00e9 sur la porte et d&#8217;un \u00e9metteur dissimul\u00e9 dans le v\u00e9hicule. Un simple appel de phare (un, deux ou trois coups) permet d&#8217;ouvrir ais\u00e9ment jusqu&#8217; \u00e0 4 portes diff\u00e9rentes de [&hellip;]<\/p>\n","protected":false},"featured_media":701,"template":"","meta":{"_et_pb_use_builder":"","_et_pb_old_content":"","_et_gb_content_width":""},"product_brand":[],"product_cat":[30],"product_tag":[],"class_list":{"0":"post-730","1":"product","2":"type-product","3":"status-publish","4":"has-post-thumbnail","6":"product_cat-care-code","8":"first","9":"onbackorder","10":"taxable","11":"shipping-taxable","12":"purchasable","13":"product-type-simple"},"_links":{"self":[{"href":"https:\/\/windoor-shop.com\/en\/wp-json\/wp\/v2\/product\/730","targetHints":{"allow":["GET"]}}],"collection":[{"href":"https:\/\/windoor-shop.com\/en\/wp-json\/wp\/v2\/product"}],"about":[{"href":"https:\/\/windoor-shop.com\/en\/wp-json\/wp\/v2\/types\/product"}],"wp:featuredmedia":[{"embeddable":true,"href":"https:\/\/windoor-shop.com\/en\/wp-json\/wp\/v2\/media\/701"}],"wp:attachment":[{"href":"https:\/\/windoor-shop.com\/en\/wp-json\/wp\/v2\/media?parent=730"}],"wp:term":[{"taxonomy":"product_brand","embeddable":true,"href":"https:\/\/windoor-shop.com\/en\/wp-json\/wp\/v2\/product_brand?post=730"},{"taxonomy":"product_cat","embeddable":true,"href":"https:\/\/windoor-shop.com\/en\/wp-json\/wp\/v2\/product_cat?post=730"},{"taxonomy":"product_tag","embeddable":true,"href":"https:\/\/windoor-shop.com\/en\/wp-json\/wp\/v2\/product_tag?post=730"}],"curies":[{"name":"wp","href":"https:\/\/api.w.org\/{rel}","templated":true}]}}