{"id":742,"date":"2022-12-03T16:31:29","date_gmt":"2022-12-03T15:31:29","guid":{"rendered":"https:\/\/windoor-shop.com\/?post_type=product&#038;p=742"},"modified":"2025-10-22T15:30:59","modified_gmt":"2025-10-22T13:30:59","slug":"care-code-recepteur-ouverture-portail-porte-garage-motorise-cc-k-2e","status":"publish","type":"product","link":"https:\/\/windoor-shop.com\/en\/produit\/care-code-recepteur-ouverture-portail-porte-garage-motorise-cc-k-2e\/","title":{"rendered":"CARE-CODE\u00ae R\u00e9cepteur pour ouverture portail ou porte garage motoris\u00e9 \u2022 CC-K-2E (avec 2 \u00e9metteurs)"},"content":{"rendered":"<div class=\"col-md-8 text-default small-screen-default\">\n<header class=\"text-center element-medium-top element-short-bottom not-condensed os-animation animated fadeInUp\" data-os-animation=\"fadeInUp\" data-os-animation-delay=\"0s\">\n<h3 class=\"bigger hairline bordered bordered-small\">Ing\u00e9nieux, simple, crypt\u00e9<\/h3>\n<p class=\"normal\">Care Code est un ing\u00e9nieux syst\u00e8me d\u2019<strong>ouverture<\/strong> de <strong>portail<\/strong> et <strong>garage motoris\u00e9s<\/strong> <strong>automatique <\/strong>par <strong>appel de phares<\/strong>. Il se compose d\u2019un r\u00e9cepteur plac\u00e9 sur la porte et d\u2019un \u00e9metteur dissimul\u00e9 dans le v\u00e9hicule. Un simple appel de phare (un, deux ou trois coups) permet d\u2019ouvrir ais\u00e9ment jusqu\u2019 \u00e0 4 portes diff\u00e9rentes de garage ou portail. Simple d\u2019installation, pratique d\u2019utilisation le syst\u00e8me d\u2019ouverture par appel de phares permet d\u2019avantage de s\u00e9curit\u00e9 puisque il n\u2019y a pas de risque de vol de t\u00e9l\u00e9commande ou de code. Un vrai gadget digne de James Bond !<\/p>\n<\/header>\n<\/div>\n<h4 data-animation=\"bounce\">Composition &amp; fonctionnement du syst\u00e8me<\/h4>\n<div class=\"features-list-icon box-animate\" data-animation=\"bounce\">Le kit est compos\u00e9 de 2 mini \u00e9metteurs CC-EME-2 et du mini r\u00e9cepteur CC-REC-2.\u00a0 Les deux communiquent par radiofr\u00e9quence crypt\u00e9e.<br \/>\nSur pression de la commande d\u2019appel de phare (par exemple) l\u2019\u00e9metteur, mis sous tension \u00e0 ce moment-l\u00e0, pilote \u00e0 distance la sortie du r\u00e9cepteur pendant 2 secondes, le temps de simuler un appui sur l\u2019interrupteur manuel d\u2019ouverture de la porte ou du portail.<br \/>\nUne double pression (par exemple) suffit pour refermer la porte. Il est aussi possible de commander un autre automatisme. Et un r\u00e9cepteur accepte une infinit\u00e9 d\u2019\u00e9metteur! Une fois transmis sa commande, l\u2019\u00e9metteur bascule en veille prolong\u00e9e pour passer en tr\u00e8s faible consommation.<\/div>\n<p>Gr\u00e2ce \u00e0 sa mini taille et son poids plume l\u2019\u00e9metteur est destin\u00e9 \u00e0 \u00eatre install\u00e9 en ext\u00e9rieur (coffre, habitacle, car\u00e9nage moto etc.) mais \u00e0 l\u2019abri car bien qu\u2019insensible \u00e0 l\u2019humidit\u00e9 il n\u2019est pas conseill\u00e9 de laisser les produits expos\u00e9s aux \u00e9l\u00e9ments.<\/p>\n<p>Sur un double appel de phare (canal 1) l\u2019\u00e9metteur, mis sous tension \u00e0 ce moment-l\u00e0, pilote \u00e0 distance la sortie 1 du r\u00e9cepteur pendant 2 secondes, le temps de simuler un appui sur l\u2019interrupteur manuel d\u2019ouverture de la porte ou du portail.<br \/>\nSur un appel de phare prolong\u00e9 (canal 2), il est possible de commander un autre portail ou une autre porte (\u00e9quip\u00e9s d\u2019un autre r\u00e9cepteur par exemple ) OU de commander la sortie 2 du m\u00eame r\u00e9cepteur pour refermer par exemple la porte ou le portail ou bien \u00e9clairer votre all\u00e9e ou votre jardin\u2026<br \/>\nUne fois transmis sa commande, l\u2019\u00e9metteur bascule en veille prolong\u00e9e pour passer en tr\u00e8s faible consommation.<\/p>\n<div class=\"col-md-6 text-default small-screen-default\">\n<div class=\" element-short-top element-short-bottom\" data-os-animation=\"none\" data-os-animation-delay=\"0s\">\n<p><em>Vous pouvez d\u00e9couvrir \u00e9galement le site d\u00e9di\u00e9 \u00e0 ce produit sur https:\/\/care-code.com<\/em><\/p>\n<\/div>\n<\/div>\n","protected":false},"excerpt":{"rendered":"<p>Ing\u00e9nieux, simple, crypt\u00e9 Care Code est un ing\u00e9nieux syst\u00e8me d\u2019ouverture de portail et garage motoris\u00e9s automatique par appel de phares. Il se compose d\u2019un r\u00e9cepteur plac\u00e9 sur la porte et d\u2019un \u00e9metteur dissimul\u00e9 dans le v\u00e9hicule. Un simple appel de phare (un, deux ou trois coups) permet d\u2019ouvrir ais\u00e9ment jusqu\u2019 \u00e0 4 portes diff\u00e9rentes de [&hellip;]<\/p>\n","protected":false},"featured_media":686,"template":"","meta":{"_et_pb_use_builder":"","_et_pb_old_content":"","_et_gb_content_width":""},"product_brand":[],"product_cat":[30],"product_tag":[],"class_list":{"0":"post-742","1":"product","2":"type-product","3":"status-publish","4":"has-post-thumbnail","6":"product_cat-care-code","8":"first","9":"onbackorder","10":"taxable","11":"shipping-taxable","12":"purchasable","13":"product-type-simple"},"_links":{"self":[{"href":"https:\/\/windoor-shop.com\/en\/wp-json\/wp\/v2\/product\/742","targetHints":{"allow":["GET"]}}],"collection":[{"href":"https:\/\/windoor-shop.com\/en\/wp-json\/wp\/v2\/product"}],"about":[{"href":"https:\/\/windoor-shop.com\/en\/wp-json\/wp\/v2\/types\/product"}],"wp:featuredmedia":[{"embeddable":true,"href":"https:\/\/windoor-shop.com\/en\/wp-json\/wp\/v2\/media\/686"}],"wp:attachment":[{"href":"https:\/\/windoor-shop.com\/en\/wp-json\/wp\/v2\/media?parent=742"}],"wp:term":[{"taxonomy":"product_brand","embeddable":true,"href":"https:\/\/windoor-shop.com\/en\/wp-json\/wp\/v2\/product_brand?post=742"},{"taxonomy":"product_cat","embeddable":true,"href":"https:\/\/windoor-shop.com\/en\/wp-json\/wp\/v2\/product_cat?post=742"},{"taxonomy":"product_tag","embeddable":true,"href":"https:\/\/windoor-shop.com\/en\/wp-json\/wp\/v2\/product_tag?post=742"}],"curies":[{"name":"wp","href":"https:\/\/api.w.org\/{rel}","templated":true}]}}