{"id":763,"date":"2022-12-07T16:26:41","date_gmt":"2022-12-07T15:26:41","guid":{"rendered":"https:\/\/windoor-shop.com\/?post_type=product&#038;p=763"},"modified":"2025-10-22T15:28:22","modified_gmt":"2025-10-22T13:28:22","slug":"care-code-kit-ouverture-portail-ou-porte-garage-motorise-cc-k-aut","status":"publish","type":"product","link":"https:\/\/windoor-shop.com\/en\/produit\/care-code-kit-ouverture-portail-ou-porte-garage-motorise-cc-k-aut\/","title":{"rendered":"Kit sp\u00e9cial \u00e9metteur auto-aliment\u00e9  pour motos et voitures multiplex\u00e9es \u2022 CC-K-AUT"},"content":{"rendered":"<div class=\"col-md-8 text-default small-screen-default\">\n<header class=\"text-center element-medium-top element-short-bottom not-condensed os-animation animated fadeInUp\" data-os-animation=\"fadeInUp\" data-os-animation-delay=\"0s\">\n<h3 class=\"bigger hairline bordered bordered-small\">Ing\u00e9nieux, simple, crypt\u00e9<\/h3>\n<p class=\"normal\">Care Code est un ing\u00e9nieux syst\u00e8me d\u2019<strong>ouverture<\/strong> de <strong>portail<\/strong> et <strong>garage motoris\u00e9s<\/strong> <strong>automatique <\/strong>par <strong>appel de phares<\/strong>. Il se compose d\u2019un r\u00e9cepteur plac\u00e9 sur la porte et d\u2019un \u00e9metteur dissimul\u00e9 dans le v\u00e9hicule. Un simple appel de phare (un, deux ou trois coups) permet d\u2019ouvrir ais\u00e9ment jusqu\u2019 \u00e0 4 portes diff\u00e9rentes de garage ou portail. Simple d\u2019installation, pratique d\u2019utilisation le syst\u00e8me d\u2019ouverture par appel de phares permet d\u2019avantage de s\u00e9curit\u00e9 puisque il n\u2019y a pas de risque de vol de t\u00e9l\u00e9commande ou de code. Un vrai gadget digne de James Bond !<br \/>\n<em>&gt;Cette version est id\u00e9ale pour les utilisatauers ne pouvant pas se reprendre sur les phares du v\u00e9hicule (multiplexage, d\u00e9faut e garantie, etc.) En effet l&#8217;\u00e9metteur (CC-EME-AUT) est fourni avec sa propre pile et son bouton poussoir qui enverra ses ordres au r\u00e9cepteur en vous \u00e9pargnant la difficult\u00e9 que certains v\u00e9hicules\u00a0 r\u00e9cents et multiplex\u00e9s opposent \u00e0 l&#8217;installation de notre \u00e9metteur standard (berlines et motos allemandes notamment)<\/em><\/p>\n<\/header>\n<\/div>\n<h4 data-animation=\"bounce\">Composition &amp; fonctionnement du syst\u00e8me<\/h4>\n<div class=\"features-list-icon box-animate\" data-animation=\"bounce\">\n<p>Le kit contient 1 \u00e9metteur CC-EME-AUT, 1 r\u00e9cepteur CC-REC-2 et 1 bouton-poussoir CC-BP.<\/p>\n<\/div>\n<div class=\"col-md-6 text-default small-screen-default\">\n<div class=\" element-short-top element-short-bottom\" data-os-animation=\"none\" data-os-animation-delay=\"0s\">\n<p><em>Vous pouvez d\u00e9couvrir \u00e9galement le site d\u00e9di\u00e9 \u00e0 ce produit sur https:\/\/care-code.com<\/em><\/p>\n<\/div>\n<\/div>\n","protected":false},"excerpt":{"rendered":"<p>Ing\u00e9nieux, simple, crypt\u00e9 Care Code est un ing\u00e9nieux syst\u00e8me d\u2019ouverture de portail et garage motoris\u00e9s automatique par appel de phares. Il se compose d\u2019un r\u00e9cepteur plac\u00e9 sur la porte et d\u2019un \u00e9metteur dissimul\u00e9 dans le v\u00e9hicule. Un simple appel de phare (un, deux ou trois coups) permet d\u2019ouvrir ais\u00e9ment jusqu\u2019 \u00e0 4 portes diff\u00e9rentes de [&hellip;]<\/p>\n","protected":false},"featured_media":695,"template":"","meta":{"_et_pb_use_builder":"","_et_pb_old_content":"","_et_gb_content_width":""},"product_brand":[],"product_cat":[30],"product_tag":[],"class_list":{"0":"post-763","1":"product","2":"type-product","3":"status-publish","4":"has-post-thumbnail","6":"product_cat-care-code","8":"first","9":"onbackorder","10":"taxable","11":"shipping-taxable","12":"purchasable","13":"product-type-simple"},"_links":{"self":[{"href":"https:\/\/windoor-shop.com\/en\/wp-json\/wp\/v2\/product\/763","targetHints":{"allow":["GET"]}}],"collection":[{"href":"https:\/\/windoor-shop.com\/en\/wp-json\/wp\/v2\/product"}],"about":[{"href":"https:\/\/windoor-shop.com\/en\/wp-json\/wp\/v2\/types\/product"}],"wp:featuredmedia":[{"embeddable":true,"href":"https:\/\/windoor-shop.com\/en\/wp-json\/wp\/v2\/media\/695"}],"wp:attachment":[{"href":"https:\/\/windoor-shop.com\/en\/wp-json\/wp\/v2\/media?parent=763"}],"wp:term":[{"taxonomy":"product_brand","embeddable":true,"href":"https:\/\/windoor-shop.com\/en\/wp-json\/wp\/v2\/product_brand?post=763"},{"taxonomy":"product_cat","embeddable":true,"href":"https:\/\/windoor-shop.com\/en\/wp-json\/wp\/v2\/product_cat?post=763"},{"taxonomy":"product_tag","embeddable":true,"href":"https:\/\/windoor-shop.com\/en\/wp-json\/wp\/v2\/product_tag?post=763"}],"curies":[{"name":"wp","href":"https:\/\/api.w.org\/{rel}","templated":true}]}}