{"id":938,"date":"2024-04-09T14:51:55","date_gmt":"2024-04-09T12:51:55","guid":{"rendered":"https:\/\/windoor-shop.com\/?post_type=product&#038;p=938"},"modified":"2024-06-26T12:17:08","modified_gmt":"2024-06-26T10:17:08","slug":"camera-couleur-cmos-cvc-cmos-dernieres-pieces-en-stock","status":"publish","type":"product","link":"https:\/\/windoor-shop.com\/en\/produit\/camera-couleur-cmos-cvc-cmos-dernieres-pieces-en-stock\/","title":{"rendered":"Cam\u00e9ra couleur CMOS \u2022 C-CVC-CMOS"},"content":{"rendered":"<p>Cam\u00e9ra couleur CMOS &#8211; Connecteur 4 points<\/p>\n<ul>\n<li>Microphone int\u00e9gr\u00e9<\/li>\n<li>Leds infrarouge pour une vision nocturne optimale &#8211; Port\u00e9e minimum : 10m<\/li>\n<li>Alimentation 12VDC en direct du moniteur<\/li>\n<li>Consommation : 300 mA<\/li>\n<li>R\u00e9solution : 420 lignes TV<\/li>\n<li>Temp\u00e9rature de stockage : -40\u00b0C \u00e0 + 80\u00b0C<\/li>\n<li>Temp\u00e9rature de fonctionnement : -20\u00b0C \u00e0 + 70\u00b0C<\/li>\n<li>Taux d\u2019humidit\u00e9 : 95% max<\/li>\n<li>Indice de protection : IP 69K<\/li>\n<\/ul>\n<p>&nbsp;<\/p>\n","protected":false},"excerpt":{"rendered":"<p>Cam\u00e9ra couleur CMOS &#8211; Connecteur 4 points Microphone int\u00e9gr\u00e9 Leds infrarouge pour une vision nocturne optimale &#8211; Port\u00e9e minimum : 10m Alimentation 12VDC en direct du moniteur Consommation : 300 mA R\u00e9solution : 420 lignes TV Temp\u00e9rature de stockage : -40\u00b0C \u00e0 + 80\u00b0C Temp\u00e9rature de fonctionnement : -20\u00b0C \u00e0 + 70\u00b0C Taux d\u2019humidit\u00e9 : [&hellip;]<\/p>\n","protected":false},"featured_media":993,"template":"","meta":{"_et_pb_use_builder":"","_et_pb_old_content":"","_et_gb_content_width":""},"product_brand":[],"product_cat":[110],"product_tag":[],"class_list":{"0":"post-938","1":"product","2":"type-product","3":"status-publish","4":"has-post-thumbnail","6":"product_cat-cameras","8":"first","9":"instock","10":"taxable","11":"shipping-taxable","12":"purchasable","13":"product-type-simple"},"_links":{"self":[{"href":"https:\/\/windoor-shop.com\/en\/wp-json\/wp\/v2\/product\/938","targetHints":{"allow":["GET"]}}],"collection":[{"href":"https:\/\/windoor-shop.com\/en\/wp-json\/wp\/v2\/product"}],"about":[{"href":"https:\/\/windoor-shop.com\/en\/wp-json\/wp\/v2\/types\/product"}],"wp:featuredmedia":[{"embeddable":true,"href":"https:\/\/windoor-shop.com\/en\/wp-json\/wp\/v2\/media\/993"}],"wp:attachment":[{"href":"https:\/\/windoor-shop.com\/en\/wp-json\/wp\/v2\/media?parent=938"}],"wp:term":[{"taxonomy":"product_brand","embeddable":true,"href":"https:\/\/windoor-shop.com\/en\/wp-json\/wp\/v2\/product_brand?post=938"},{"taxonomy":"product_cat","embeddable":true,"href":"https:\/\/windoor-shop.com\/en\/wp-json\/wp\/v2\/product_cat?post=938"},{"taxonomy":"product_tag","embeddable":true,"href":"https:\/\/windoor-shop.com\/en\/wp-json\/wp\/v2\/product_tag?post=938"}],"curies":[{"name":"wp","href":"https:\/\/api.w.org\/{rel}","templated":true}]}}