{"id":951,"date":"2024-05-01T16:48:33","date_gmt":"2024-05-01T14:48:33","guid":{"rendered":"https:\/\/windoor-shop.com\/?post_type=product&#038;p=951"},"modified":"2025-11-20T14:41:37","modified_gmt":"2025-11-20T13:41:37","slug":"camera-couleur-hd-ip68-cable-20m-poids-lourds-vehicule-utilitaire","status":"publish","type":"product","link":"https:\/\/windoor-shop.com\/en\/produit\/camera-couleur-hd-ip68-cable-20m-poids-lourds-vehicule-utilitaire\/","title":{"rendered":"Cam\u00e9ra couleur HD &#8211; IP68 &#8211; 720P Angle de vue 110\u00b0 avec c\u00e2ble de 20m \u2022VV-C302-HD-20M"},"content":{"rendered":"<ul>\n<li>Optique :CMOS 1\/3\u2019\u2019<\/li>\n<li>Angle de vue: 110\u00b0<\/li>\n<li>R\u00e9solution: 1280 x 720 (1M de pixels)<\/li>\n<li>Luminosit\u00e9: <span dir=\"ltr\" role=\"presentation\">jusqu\u2019\u00e0 environ 0.1Lux avec la<\/span><br role=\"presentation\" \/><span dir=\"ltr\" role=\"presentation\">fonction vision nocturne<\/span><\/li>\n<li>Affichage de l\u2019image: <span dir=\"ltr\" role=\"presentation\">vue normale ou vue invers\u00e9e (en <\/span><span dir=\"ltr\" role=\"presentation\">miroir)<\/span><\/li>\n<li>Syst\u00e8me: PAL ou NTSC (en option<\/li>\n<li>Indice de protection: IP68<\/li>\n<li>Indice de r\u00e9sistance aux chocs: 4G<\/li>\n<li>Alimentation:DC 12 ou 24V (en option)<\/li>\n<li>Courant maximum: &lt;250mA<\/li>\n<li>Vision nocturne: <span dir=\"ltr\" role=\"presentation\">passage automatique en mode de <\/span><span dir=\"ltr\" role=\"presentation\">vision nocturne en noir et blanc<\/span><\/li>\n<li>Temp\u00e9rature de fonctionnement: -20\u00b0C &#8211; 70\u00b0C<\/li>\n<li>Temp\u00e9rature de stockage: -30\u00b0C &#8211; 80\u00b0C<\/li>\n<li>Consommation:&lt;3W<\/li>\n<li>Type de connectique: 4PIN Aviateur ou RCA (en option)<\/li>\n<li>Poids: 330g<\/li>\n<li>Accessoires: c\u00e2ble de 20 m\u00e8tres, vis t\u00eates hexagonales, cl\u00e9 hexagonale, pare-soleil, pied de fixation, c\u00e2ble de connexion (s\u2019il y a lieu), manuel d\u2019utilisateur\n<div class=\"textLayer\" data-main-rotation=\"0\"><\/div>\n<\/li>\n<\/ul>\n<p>&nbsp;<\/p>\n","protected":false},"excerpt":{"rendered":"<p>Optique :CMOS 1\/3\u2019\u2019 Angle de vue: 110\u00b0 R\u00e9solution: 1280 x 720 (1M de pixels) Luminosit\u00e9: jusqu\u2019\u00e0 environ 0.1Lux avec lafonction vision nocturne Affichage de l\u2019image: vue normale ou vue invers\u00e9e (en miroir) Syst\u00e8me: PAL ou NTSC (en option Indice de protection: IP68 Indice de r\u00e9sistance aux chocs: 4G Alimentation:DC 12 ou 24V (en option) Courant [&hellip;]<\/p>\n","protected":false},"featured_media":984,"template":"","meta":{"_et_pb_use_builder":"","_et_pb_old_content":"","_et_gb_content_width":""},"product_brand":[],"product_cat":[110],"product_tag":[],"class_list":{"0":"post-951","1":"product","2":"type-product","3":"status-publish","4":"has-post-thumbnail","6":"product_cat-cameras","8":"first","9":"instock","10":"taxable","11":"shipping-taxable","12":"purchasable","13":"product-type-simple"},"_links":{"self":[{"href":"https:\/\/windoor-shop.com\/en\/wp-json\/wp\/v2\/product\/951","targetHints":{"allow":["GET"]}}],"collection":[{"href":"https:\/\/windoor-shop.com\/en\/wp-json\/wp\/v2\/product"}],"about":[{"href":"https:\/\/windoor-shop.com\/en\/wp-json\/wp\/v2\/types\/product"}],"wp:featuredmedia":[{"embeddable":true,"href":"https:\/\/windoor-shop.com\/en\/wp-json\/wp\/v2\/media\/984"}],"wp:attachment":[{"href":"https:\/\/windoor-shop.com\/en\/wp-json\/wp\/v2\/media?parent=951"}],"wp:term":[{"taxonomy":"product_brand","embeddable":true,"href":"https:\/\/windoor-shop.com\/en\/wp-json\/wp\/v2\/product_brand?post=951"},{"taxonomy":"product_cat","embeddable":true,"href":"https:\/\/windoor-shop.com\/en\/wp-json\/wp\/v2\/product_cat?post=951"},{"taxonomy":"product_tag","embeddable":true,"href":"https:\/\/windoor-shop.com\/en\/wp-json\/wp\/v2\/product_tag?post=951"}],"curies":[{"name":"wp","href":"https:\/\/api.w.org\/{rel}","templated":true}]}}