{"id":996,"date":"2024-05-04T11:38:52","date_gmt":"2024-05-04T09:38:52","guid":{"rendered":"https:\/\/windoor-shop.com\/?post_type=product&#038;p=996"},"modified":"2025-04-16T16:01:34","modified_gmt":"2025-04-16T14:01:34","slug":"camera-de-vision-arriere-sans-fil-camion-vv-305-cd-nd-ws-150","status":"publish","type":"product","link":"https:\/\/windoor-shop.com\/en\/produit\/camera-de-vision-arriere-sans-fil-camion-vv-305-cd-nd-ws-150\/","title":{"rendered":"Cam\u00e9ra de vision arri\u00e8re sans fil \u2022 VV-305-CD-ND-WS-150"},"content":{"rendered":"<ul>\n<li>Optique :CMOS 1\/2,7&#8243;<\/li>\n<li>Mat\u00e9riaux du bo\u00eetier cam\u00e9ra: Aliage d&#8217;aluminium peint en noir<\/li>\n<li>R\u00e9solution: 1920&#215;1080 pixels<\/li>\n<li>Bande de fr\u00e9quence: 2400-2483.5MHZ<\/li>\n<li>Port\u00e9e de la transmission: 200 m\u00e8tres en terrain d\u00e9couvert<\/li>\n<li>Syst\u00e8me: PAL ou NTSC (automatique)<\/li>\n<li>Mode spectral: FHSS (Frequency-hopping spread spectrum)<\/li>\n<li>Microphone: OUI<\/li>\n<li>Bande passante: 8MHz BER&lt;1E-3<\/li>\n<li>Rapport signal sur bruit: 46.5dB<\/li>\n<li>Sensibilit\u00e9 de al transmission: -89dBm<\/li>\n<li>Temp\u00e9rature de fonctionnement: -20\u00b0C &#8211; 70\u00b0C<\/li>\n<li>Temp\u00e9rature de stockage: -30\u00b0C &#8211; 80\u00b0C<\/li>\n<li>Niveau d&#8217;\u00e9tanch\u00e9it\u00e9: IP68<\/li>\n<\/ul>\n<p><strong>Les + de WINDOOR :<\/strong><\/p>\n<ul>\n<li>B\u00e9n\u00e9ficiez de l&#8217;expertise de la soci\u00e9t\u00e9 WINDOOR active depuis 1992 dans le domaine de la s\u00e9curisation des v\u00e9hicules professionnels<\/li>\n<li>B\u00e9n\u00e9ficiez de la renomm\u00e9e de la marque VIGI VIEW<\/li>\n<\/ul>\n","protected":false},"excerpt":{"rendered":"<p>Optique :CMOS 1\/2,7&#8243; Mat\u00e9riaux du bo\u00eetier cam\u00e9ra: Aliage d&#8217;aluminium peint en noir R\u00e9solution: 1920&#215;1080 pixels Bande de fr\u00e9quence: 2400-2483.5MHZ Port\u00e9e de la transmission: 200 m\u00e8tres en terrain d\u00e9couvert Syst\u00e8me: PAL ou NTSC (automatique) Mode spectral: FHSS (Frequency-hopping spread spectrum) Microphone: OUI Bande passante: 8MHz BER&lt;1E-3 Rapport signal sur bruit: 46.5dB Sensibilit\u00e9 de al transmission: -89dBm [&hellip;]<\/p>\n","protected":false},"featured_media":997,"template":"","meta":{"_et_pb_use_builder":"","_et_pb_old_content":"","_et_gb_content_width":""},"product_brand":[],"product_cat":[110],"product_tag":[],"class_list":{"0":"post-996","1":"product","2":"type-product","3":"status-publish","4":"has-post-thumbnail","6":"product_cat-cameras","8":"first","9":"instock","10":"taxable","11":"shipping-taxable","12":"purchasable","13":"product-type-simple"},"_links":{"self":[{"href":"https:\/\/windoor-shop.com\/en\/wp-json\/wp\/v2\/product\/996","targetHints":{"allow":["GET"]}}],"collection":[{"href":"https:\/\/windoor-shop.com\/en\/wp-json\/wp\/v2\/product"}],"about":[{"href":"https:\/\/windoor-shop.com\/en\/wp-json\/wp\/v2\/types\/product"}],"wp:featuredmedia":[{"embeddable":true,"href":"https:\/\/windoor-shop.com\/en\/wp-json\/wp\/v2\/media\/997"}],"wp:attachment":[{"href":"https:\/\/windoor-shop.com\/en\/wp-json\/wp\/v2\/media?parent=996"}],"wp:term":[{"taxonomy":"product_brand","embeddable":true,"href":"https:\/\/windoor-shop.com\/en\/wp-json\/wp\/v2\/product_brand?post=996"},{"taxonomy":"product_cat","embeddable":true,"href":"https:\/\/windoor-shop.com\/en\/wp-json\/wp\/v2\/product_cat?post=996"},{"taxonomy":"product_tag","embeddable":true,"href":"https:\/\/windoor-shop.com\/en\/wp-json\/wp\/v2\/product_tag?post=996"}],"curies":[{"name":"wp","href":"https:\/\/api.w.org\/{rel}","templated":true}]}}